{"id":53,"date":"2020-05-24T17:39:33","date_gmt":"2020-05-24T17:39:33","guid":{"rendered":"http:\/\/nksu.org\/?page_id=53"},"modified":"2024-02-02T18:50:19","modified_gmt":"2024-02-02T18:50:19","slug":"meet-our-members","status":"publish","type":"page","link":"https:\/\/nksu.org\/?page_id=53","title":{"rendered":"Our Member Organisations"},"content":{"rendered":"\n<div class=\"wp-block-media-text has-media-on-the-right is-stacked-on-mobile\" style=\"grid-template-columns:auto 21%\"><div class=\"wp-block-media-text__content\">\n<h1 class=\"wp-block-heading has-accent-color has-text-color has-link-color has-x-large-font-size wp-elements-682fc6d84e4332a7a6396d1403221014\"><strong>Denmark<\/strong><\/h1>\n\n\n\n<h5 class=\"wp-block-heading has-header-gradient-color has-text-color has-link-color has-medium-font-size wp-elements-3d2a44182977620bd8aaa7f1c08f8a45\">Konservative Studerende<\/h5>\n<\/div><figure class=\"wp-block-media-text__media\"><a href=\"https:\/\/ks.dk\"><img loading=\"lazy\" decoding=\"async\" width=\"175\" height=\"175\" src=\"https:\/\/nksu.org\/wp-content\/uploads\/2024\/02\/Image.jpeg\" alt=\"\" class=\"wp-image-602 size-full\" srcset=\"https:\/\/nksu.org\/wp-content\/uploads\/2024\/02\/Image.jpeg 175w, https:\/\/nksu.org\/wp-content\/uploads\/2024\/02\/Image-150x150.jpeg 150w\" sizes=\"auto, (max-width: 175px) 100vw, 175px\" \/><\/a><\/figure><\/div>\n\n\n\n<hr class=\"wp-block-separator has-alpha-channel-opacity\"\/>\n\n\n\n<div class=\"wp-block-media-text has-media-on-the-right is-stacked-on-mobile\" style=\"grid-template-columns:auto 22%\"><div class=\"wp-block-media-text__content\">\n<h1 class=\"wp-block-heading has-accent-color has-text-color has-link-color has-x-large-font-size wp-elements-e573fc1efd12d14be7b993c69ecb02ce\"><strong>Estonia<\/strong><\/h1>\n\n\n\n<h5 class=\"wp-block-heading has-header-gradient-color has-text-color has-link-color has-medium-font-size wp-elements-c5a3116e73dd84c7ce21554692e52854\">Isamaa Noorte\u00fchendus ResPublica<\/h5>\n<\/div><figure class=\"wp-block-media-text__media\"><a href=\"https:\/\/respublica.ee\"><img loading=\"lazy\" decoding=\"async\" width=\"400\" height=\"400\" src=\"https:\/\/nksu.org\/wp-content\/uploads\/2024\/02\/Image-2.jpeg\" alt=\"\" class=\"wp-image-604 size-full\" srcset=\"https:\/\/nksu.org\/wp-content\/uploads\/2024\/02\/Image-2.jpeg 400w, https:\/\/nksu.org\/wp-content\/uploads\/2024\/02\/Image-2-300x300.jpeg 300w, https:\/\/nksu.org\/wp-content\/uploads\/2024\/02\/Image-2-150x150.jpeg 150w\" sizes=\"auto, (max-width: 400px) 100vw, 400px\" \/><\/a><\/figure><\/div>\n\n\n\n<hr class=\"wp-block-separator has-alpha-channel-opacity\"\/>\n\n\n\n<div class=\"wp-block-media-text has-media-on-the-right is-stacked-on-mobile\" style=\"grid-template-columns:auto 22%\"><div class=\"wp-block-media-text__content\">\n<h1 class=\"wp-block-heading has-accent-color has-text-color has-link-color has-x-large-font-size wp-elements-f3d09215764b624e8f76db560ec91e30\"><strong>Finland<\/strong><\/h1>\n\n\n\n<h5 class=\"wp-block-heading has-header-gradient-color has-text-color has-link-color has-medium-font-size wp-elements-f1e62cc9f7cf9cd4eafca25b53af5ec8\">Kokoomusopiskeijat<\/h5>\n<\/div><figure class=\"wp-block-media-text__media\"><a href=\"https:\/\/www.kokoomusopiskelijat.fi\"><img loading=\"lazy\" decoding=\"async\" width=\"400\" height=\"400\" src=\"https:\/\/nksu.org\/wp-content\/uploads\/2024\/02\/Image-1.2.2024-at-22.12.jpeg\" alt=\"\" class=\"wp-image-605 size-full\" srcset=\"https:\/\/nksu.org\/wp-content\/uploads\/2024\/02\/Image-1.2.2024-at-22.12.jpeg 400w, https:\/\/nksu.org\/wp-content\/uploads\/2024\/02\/Image-1.2.2024-at-22.12-300x300.jpeg 300w, https:\/\/nksu.org\/wp-content\/uploads\/2024\/02\/Image-1.2.2024-at-22.12-150x150.jpeg 150w\" sizes=\"auto, (max-width: 400px) 100vw, 400px\" \/><\/a><\/figure><\/div>\n\n\n\n<hr class=\"wp-block-separator has-alpha-channel-opacity\"\/>\n\n\n\n<div class=\"wp-block-media-text has-media-on-the-right is-stacked-on-mobile\" style=\"grid-template-columns:auto 22%\"><div class=\"wp-block-media-text__content\">\n<h1 class=\"wp-block-heading has-accent-color has-text-color has-link-color has-x-large-font-size wp-elements-b31013194fdfd3803b9ba44c836fdd5d\"><strong>Ireland<\/strong><\/h1>\n\n\n\n<h5 class=\"wp-block-heading has-header-gradient-color has-text-color has-link-color has-medium-font-size wp-elements-d0da691717b56554b5362027ba5d07ca\">Young Fine Gael<\/h5>\n<\/div><figure class=\"wp-block-media-text__media\"><a href=\"https:\/\/www.yfg.ie\"><img loading=\"lazy\" decoding=\"async\" width=\"720\" height=\"960\" src=\"https:\/\/nksu.org\/wp-content\/uploads\/2024\/02\/Image-3.jpeg\" alt=\"\" class=\"wp-image-606 size-full\" srcset=\"https:\/\/nksu.org\/wp-content\/uploads\/2024\/02\/Image-3.jpeg 720w, https:\/\/nksu.org\/wp-content\/uploads\/2024\/02\/Image-3-225x300.jpeg 225w\" sizes=\"auto, (max-width: 720px) 100vw, 720px\" \/><\/a><\/figure><\/div>\n\n\n\n<hr class=\"wp-block-separator has-alpha-channel-opacity\"\/>\n\n\n\n<div class=\"wp-block-media-text has-media-on-the-right is-stacked-on-mobile\" style=\"grid-template-columns:auto 23%\"><div class=\"wp-block-media-text__content\">\n<h1 class=\"wp-block-heading has-accent-color has-text-color has-link-color has-x-large-font-size wp-elements-a806bac3ba5b960cf0da3dfed43cb177\"><strong>Latvia<\/strong><\/h1>\n\n\n\n<h5 class=\"wp-block-heading has-header-gradient-color has-text-color has-link-color has-medium-font-size wp-elements-de778242f617db66214b420b4b03d041\">Vienot\u012bba Jaunatnes Organiz\u0101cija<\/h5>\n<\/div><figure class=\"wp-block-media-text__media\"><a href=\"https:\/\/www.vienotiba.lv\/iesaisties\/vienotibas-jaunatnes-organizacija\/\"><img loading=\"lazy\" decoding=\"async\" width=\"175\" height=\"175\" src=\"https:\/\/nksu.org\/wp-content\/uploads\/2024\/02\/Image-4.jpeg\" alt=\"\" class=\"wp-image-607 size-full\" srcset=\"https:\/\/nksu.org\/wp-content\/uploads\/2024\/02\/Image-4.jpeg 175w, https:\/\/nksu.org\/wp-content\/uploads\/2024\/02\/Image-4-150x150.jpeg 150w\" sizes=\"auto, (max-width: 175px) 100vw, 175px\" \/><\/a><\/figure><\/div>\n\n\n\n<hr class=\"wp-block-separator has-alpha-channel-opacity\"\/>\n\n\n\n<div class=\"wp-block-media-text has-media-on-the-right is-stacked-on-mobile\" style=\"grid-template-columns:auto 25%\"><div class=\"wp-block-media-text__content\">\n<h1 class=\"wp-block-heading has-accent-color has-text-color has-link-color has-x-large-font-size wp-elements-09222ccaa64809adcdbc42b705fd074b\"><strong>Lithuania<\/strong><\/h1>\n\n\n\n<h5 class=\"wp-block-heading has-header-gradient-color has-text-color has-link-color has-medium-font-size wp-elements-0679b388e0386ab7ff93072360462129\">Jaun\u0173j\u0173 Konservatori\u0173 Lyga<\/h5>\n<\/div><figure class=\"wp-block-media-text__media\"><a href=\"https:\/\/www.libertaspietas.lt\"><img loading=\"lazy\" decoding=\"async\" width=\"200\" height=\"200\" src=\"https:\/\/nksu.org\/wp-content\/uploads\/2024\/02\/Image-5.jpeg\" alt=\"\" class=\"wp-image-608 size-full\" srcset=\"https:\/\/nksu.org\/wp-content\/uploads\/2024\/02\/Image-5.jpeg 200w, https:\/\/nksu.org\/wp-content\/uploads\/2024\/02\/Image-5-150x150.jpeg 150w\" sizes=\"auto, (max-width: 200px) 100vw, 200px\" \/><\/a><\/figure><\/div>\n\n\n\n<hr class=\"wp-block-separator has-alpha-channel-opacity\"\/>\n\n\n\n<div class=\"wp-block-media-text has-media-on-the-right is-stacked-on-mobile\" style=\"grid-template-columns:auto 23%\"><div class=\"wp-block-media-text__content\">\n<h1 class=\"wp-block-heading has-accent-color has-text-color has-link-color has-x-large-font-size wp-elements-b98e4eac2c9a500708f683d3e6a6cb80\"><strong>Norway<\/strong><\/h1>\n\n\n\n<h5 class=\"wp-block-heading has-header-gradient-color has-text-color has-link-color has-medium-font-size wp-elements-c5e51df0c5a4049851f713a42e619c34\">H\u00f8yres Studenter<\/h5>\n<\/div><figure class=\"wp-block-media-text__media\"><a href=\"https:\/\/ungehoyre.no\/unge-hoyre-der-du-bor\/hoyres-studenter\/\"><img loading=\"lazy\" decoding=\"async\" width=\"400\" height=\"400\" src=\"https:\/\/nksu.org\/wp-content\/uploads\/2024\/02\/Image-6.jpeg\" alt=\"\" class=\"wp-image-609 size-full\" srcset=\"https:\/\/nksu.org\/wp-content\/uploads\/2024\/02\/Image-6.jpeg 400w, https:\/\/nksu.org\/wp-content\/uploads\/2024\/02\/Image-6-300x300.jpeg 300w, https:\/\/nksu.org\/wp-content\/uploads\/2024\/02\/Image-6-150x150.jpeg 150w\" sizes=\"auto, (max-width: 400px) 100vw, 400px\" \/><\/a><\/figure><\/div>\n\n\n\n<hr class=\"wp-block-separator has-alpha-channel-opacity\"\/>\n\n\n\n<div class=\"wp-block-media-text has-media-on-the-right is-stacked-on-mobile\" style=\"grid-template-columns:auto 24%\"><div class=\"wp-block-media-text__content\">\n<h1 class=\"wp-block-heading has-accent-color has-text-color has-link-color has-x-large-font-size wp-elements-a3b7f5c628d79706ec73c421b40d0e31\"><strong>Sweden<\/strong><\/h1>\n\n\n\n<h5 class=\"wp-block-heading has-header-gradient-color has-text-color has-link-color has-medium-font-size wp-elements-a69bc1e87c89effcc064aacb98397502\">Fria Moderata&nbsp;Studentf\u00f6rbundet<\/h5>\n<\/div><figure class=\"wp-block-media-text__media\"><a href=\"https:\/\/fmsf.se\"><img loading=\"lazy\" decoding=\"async\" width=\"182\" height=\"200\" src=\"https:\/\/nksu.org\/wp-content\/uploads\/2024\/02\/Image-7.jpeg\" alt=\"\" class=\"wp-image-610 size-full\"\/><\/a><\/figure><\/div>\n\n\n\n<hr class=\"wp-block-separator has-alpha-channel-opacity\"\/>\n\n\n\n<div class=\"wp-block-media-text has-media-on-the-right is-stacked-on-mobile\" style=\"grid-template-columns:auto 23%\"><div class=\"wp-block-media-text__content\">\n<h1 class=\"wp-block-heading has-accent-color has-text-color has-link-color has-x-large-font-size wp-elements-9b4e64fa44c22768aab994b30b2e90a1\"><strong>United Kingdom<\/strong><\/h1>\n\n\n\n<h5 class=\"wp-block-heading has-header-gradient-color has-text-color has-link-color has-medium-font-size wp-elements-8b3352a3ee5e79e9b0524b8be9ac8900\">Young Conservative European Forum<\/h5>\n<\/div><figure class=\"wp-block-media-text__media\"><a href=\"https:\/\/www.conservativeeuropeanforum.com\/ycef\"><img loading=\"lazy\" decoding=\"async\" width=\"630\" height=\"630\" src=\"https:\/\/nksu.org\/wp-content\/uploads\/2024\/02\/Image-8.jpeg\" alt=\"\" class=\"wp-image-611 size-full\" srcset=\"https:\/\/nksu.org\/wp-content\/uploads\/2024\/02\/Image-8.jpeg 630w, https:\/\/nksu.org\/wp-content\/uploads\/2024\/02\/Image-8-300x300.jpeg 300w, https:\/\/nksu.org\/wp-content\/uploads\/2024\/02\/Image-8-150x150.jpeg 150w\" sizes=\"auto, (max-width: 630px) 100vw, 630px\" \/><\/a><\/figure><\/div>\n\n\n\n<hr class=\"wp-block-separator has-alpha-channel-opacity\"\/>\n\n\n\n<div style=\"height:100px\" aria-hidden=\"true\" class=\"wp-block-spacer\"><\/div>\n\n\n\n<p class=\"has-text-align-center has-medium-font-size\"><em>NKSU recognises two forms of membership, full members and observer members. The organisations listed above are our full members. Full members have the right to vote in the council and annual meetings. Observer members have a right to speak in the council and annual meetings. Observer members may apply for full membership. Contact NKSU&#8217;s President and Secretary General regarding the observer membership application.<\/em><\/p>\n\n\n\n<hr class=\"wp-block-separator has-alpha-channel-opacity\"\/>\n\n\n\n<div class=\"wp-block-media-text\" style=\"grid-template-columns:30% auto\"><figure class=\"wp-block-media-text__media\"><img loading=\"lazy\" decoding=\"async\" width=\"1024\" height=\"1024\" src=\"http:\/\/nksu.org\/wp-content\/uploads\/2024\/02\/cropped-NKSU-Text-3-1024x1024.jpg\" alt=\"\" class=\"wp-image-745 size-full\" srcset=\"https:\/\/nksu.org\/wp-content\/uploads\/2024\/02\/cropped-NKSU-Text-3-1024x1024.jpg 1024w, https:\/\/nksu.org\/wp-content\/uploads\/2024\/02\/cropped-NKSU-Text-3-300x300.jpg 300w, https:\/\/nksu.org\/wp-content\/uploads\/2024\/02\/cropped-NKSU-Text-3-150x150.jpg 150w, https:\/\/nksu.org\/wp-content\/uploads\/2024\/02\/cropped-NKSU-Text-3-768x768.jpg 768w, https:\/\/nksu.org\/wp-content\/uploads\/2024\/02\/cropped-NKSU-Text-3-1536x1536.jpg 1536w, https:\/\/nksu.org\/wp-content\/uploads\/2024\/02\/cropped-NKSU-Text-3.jpg 1563w\" sizes=\"auto, (max-width: 1024px) 100vw, 1024px\" \/><\/figure><div class=\"wp-block-media-text__content\">\n<p class=\"has-text-align-right has-medium-font-size\"><strong>Nordens Konservativa Studentunion<\/strong><br>Blasieholmsgatan 4A,<br>111 48 Stockholm, Sweden<br>secgen@nksu.org<\/p>\n\n\n\n<ul class=\"wp-block-social-links has-large-icon-size is-style-logos-only is-content-justification-right is-layout-flex wp-container-core-social-links-is-layout-1 wp-block-social-links-is-layout-flex\"><li class=\"wp-social-link wp-social-link-facebook  wp-block-social-link\"><a rel=\"noopener nofollow\" target=\"_blank\" href=\"https:\/\/www.facebook.com\/NordicConservatives\" class=\"wp-block-social-link-anchor\"><svg width=\"24\" height=\"24\" viewBox=\"0 0 24 24\" version=\"1.1\" xmlns=\"http:\/\/www.w3.org\/2000\/svg\" aria-hidden=\"true\" focusable=\"false\"><path d=\"M12 2C6.5 2 2 6.5 2 12c0 5 3.7 9.1 8.4 9.9v-7H7.9V12h2.5V9.8c0-2.5 1.5-3.9 3.8-3.9 1.1 0 2.2.2 2.2.2v2.5h-1.3c-1.2 0-1.6.8-1.6 1.6V12h2.8l-.4 2.9h-2.3v7C18.3 21.1 22 17 22 12c0-5.5-4.5-10-10-10z\"><\/path><\/svg><span class=\"wp-block-social-link-label screen-reader-text\">Facebook<\/span><\/a><\/li>\n\n<li class=\"wp-social-link wp-social-link-instagram  wp-block-social-link\"><a rel=\"noopener nofollow\" target=\"_blank\" href=\"https:\/\/www.instagram.com\/nksu1959\" class=\"wp-block-social-link-anchor\"><svg width=\"24\" height=\"24\" viewBox=\"0 0 24 24\" version=\"1.1\" xmlns=\"http:\/\/www.w3.org\/2000\/svg\" aria-hidden=\"true\" focusable=\"false\"><path d=\"M12,4.622c2.403,0,2.688,0.009,3.637,0.052c0.877,0.04,1.354,0.187,1.671,0.31c0.42,0.163,0.72,0.358,1.035,0.673 c0.315,0.315,0.51,0.615,0.673,1.035c0.123,0.317,0.27,0.794,0.31,1.671c0.043,0.949,0.052,1.234,0.052,3.637 s-0.009,2.688-0.052,3.637c-0.04,0.877-0.187,1.354-0.31,1.671c-0.163,0.42-0.358,0.72-0.673,1.035 c-0.315,0.315-0.615,0.51-1.035,0.673c-0.317,0.123-0.794,0.27-1.671,0.31c-0.949,0.043-1.233,0.052-3.637,0.052 s-2.688-0.009-3.637-0.052c-0.877-0.04-1.354-0.187-1.671-0.31c-0.42-0.163-0.72-0.358-1.035-0.673 c-0.315-0.315-0.51-0.615-0.673-1.035c-0.123-0.317-0.27-0.794-0.31-1.671C4.631,14.688,4.622,14.403,4.622,12 s0.009-2.688,0.052-3.637c0.04-0.877,0.187-1.354,0.31-1.671c0.163-0.42,0.358-0.72,0.673-1.035 c0.315-0.315,0.615-0.51,1.035-0.673c0.317-0.123,0.794-0.27,1.671-0.31C9.312,4.631,9.597,4.622,12,4.622 M12,3 C9.556,3,9.249,3.01,8.289,3.054C7.331,3.098,6.677,3.25,6.105,3.472C5.513,3.702,5.011,4.01,4.511,4.511 c-0.5,0.5-0.808,1.002-1.038,1.594C3.25,6.677,3.098,7.331,3.054,8.289C3.01,9.249,3,9.556,3,12c0,2.444,0.01,2.751,0.054,3.711 c0.044,0.958,0.196,1.612,0.418,2.185c0.23,0.592,0.538,1.094,1.038,1.594c0.5,0.5,1.002,0.808,1.594,1.038 c0.572,0.222,1.227,0.375,2.185,0.418C9.249,20.99,9.556,21,12,21s2.751-0.01,3.711-0.054c0.958-0.044,1.612-0.196,2.185-0.418 c0.592-0.23,1.094-0.538,1.594-1.038c0.5-0.5,0.808-1.002,1.038-1.594c0.222-0.572,0.375-1.227,0.418-2.185 C20.99,14.751,21,14.444,21,12s-0.01-2.751-0.054-3.711c-0.044-0.958-0.196-1.612-0.418-2.185c-0.23-0.592-0.538-1.094-1.038-1.594 c-0.5-0.5-1.002-0.808-1.594-1.038c-0.572-0.222-1.227-0.375-2.185-0.418C14.751,3.01,14.444,3,12,3L12,3z M12,7.378 c-2.552,0-4.622,2.069-4.622,4.622S9.448,16.622,12,16.622s4.622-2.069,4.622-4.622S14.552,7.378,12,7.378z M12,15 c-1.657,0-3-1.343-3-3s1.343-3,3-3s3,1.343,3,3S13.657,15,12,15z M16.804,6.116c-0.596,0-1.08,0.484-1.08,1.08 s0.484,1.08,1.08,1.08c0.596,0,1.08-0.484,1.08-1.08S17.401,6.116,16.804,6.116z\"><\/path><\/svg><span class=\"wp-block-social-link-label screen-reader-text\">Instagram<\/span><\/a><\/li>\n\n<li class=\"wp-social-link wp-social-link-x  wp-block-social-link\"><a rel=\"noopener nofollow\" target=\"_blank\" href=\"https:\/\/twitter.com\/NKSU1959\" class=\"wp-block-social-link-anchor\"><svg width=\"24\" height=\"24\" viewBox=\"0 0 24 24\" version=\"1.1\" xmlns=\"http:\/\/www.w3.org\/2000\/svg\" aria-hidden=\"true\" focusable=\"false\"><path d=\"M13.982 10.622 20.54 3h-1.554l-5.693 6.618L8.745 3H3.5l6.876 10.007L3.5 21h1.554l6.012-6.989L15.868 21h5.245l-7.131-10.378Zm-2.128 2.474-.697-.997-5.543-7.93H8l4.474 6.4.697.996 5.815 8.318h-2.387l-4.745-6.787Z\" \/><\/svg><span class=\"wp-block-social-link-label screen-reader-text\">X<\/span><\/a><\/li><\/ul>\n<\/div><\/div>\n","protected":false},"excerpt":{"rendered":"<p>Denmark Konservative Studerende Estonia Isamaa Noorte\u00fchendus ResPublica Finland Kokoomusopiskeijat Ireland Young Fine Gael Latvia Vienot\u012bba Jaunatnes Organiz\u0101cija Lithuania Jaun\u0173j\u0173 Konservatori\u0173 Lyga Norway H\u00f8yres Studenter Sweden Fria Moderata&nbsp;Studentf\u00f6rbundet United Kingdom Young Conservative European Forum NKSU recognises two forms of membership, full members and observer members. The organisations listed above are our [&hellip;]<\/p>\n","protected":false},"author":1,"featured_media":0,"parent":0,"menu_order":0,"comment_status":"closed","ping_status":"closed","template":"","meta":{"footnotes":""},"class_list":["post-53","page","type-page","status-publish","hentry"],"_links":{"self":[{"href":"https:\/\/nksu.org\/index.php?rest_route=\/wp\/v2\/pages\/53","targetHints":{"allow":["GET"]}}],"collection":[{"href":"https:\/\/nksu.org\/index.php?rest_route=\/wp\/v2\/pages"}],"about":[{"href":"https:\/\/nksu.org\/index.php?rest_route=\/wp\/v2\/types\/page"}],"author":[{"embeddable":true,"href":"https:\/\/nksu.org\/index.php?rest_route=\/wp\/v2\/users\/1"}],"replies":[{"embeddable":true,"href":"https:\/\/nksu.org\/index.php?rest_route=%2Fwp%2Fv2%2Fcomments&post=53"}],"version-history":[{"count":26,"href":"https:\/\/nksu.org\/index.php?rest_route=\/wp\/v2\/pages\/53\/revisions"}],"predecessor-version":[{"id":934,"href":"https:\/\/nksu.org\/index.php?rest_route=\/wp\/v2\/pages\/53\/revisions\/934"}],"wp:attachment":[{"href":"https:\/\/nksu.org\/index.php?rest_route=%2Fwp%2Fv2%2Fmedia&parent=53"}],"curies":[{"name":"wp","href":"https:\/\/api.w.org\/{rel}","templated":true}]}}