{"id":673,"date":"2024-02-02T13:08:57","date_gmt":"2024-02-02T13:08:57","guid":{"rendered":"https:\/\/nksu.org\/?page_id=673"},"modified":"2025-01-13T16:18:24","modified_gmt":"2025-01-13T16:18:24","slug":"executive-council","status":"publish","type":"page","link":"https:\/\/nksu.org\/?page_id=673","title":{"rendered":"The Executive Council"},"content":{"rendered":"\n<div class=\"wp-block-media-text is-stacked-on-mobile has-medium-font-size\"><figure class=\"wp-block-media-text__media\"><img loading=\"lazy\" decoding=\"async\" width=\"1024\" height=\"1024\" src=\"https:\/\/nksu.org\/wp-content\/uploads\/2025\/01\/7-1024x1024.png\" alt=\"\" class=\"wp-image-946 size-full\" srcset=\"https:\/\/nksu.org\/wp-content\/uploads\/2025\/01\/7-1024x1024.png 1024w, https:\/\/nksu.org\/wp-content\/uploads\/2025\/01\/7-300x300.png 300w, https:\/\/nksu.org\/wp-content\/uploads\/2025\/01\/7-150x150.png 150w, https:\/\/nksu.org\/wp-content\/uploads\/2025\/01\/7-768x768.png 768w, https:\/\/nksu.org\/wp-content\/uploads\/2025\/01\/7.png 1080w\" sizes=\"auto, (max-width: 1024px) 100vw, 1024px\" \/><\/figure><div class=\"wp-block-media-text__content\">\n<p class=\"has-medium-font-size\"><strong>President<\/strong> &#8211; Stine Bentzen<br><strong>Organisation<\/strong>: H\u00f8yres Studenter (NO)<br><strong>University<\/strong>: Cambridge University<br><strong>Discipline<\/strong>: Land Economy<br><strong>Contact<\/strong>: stine.bentzen@nksu.org<\/p>\n<\/div><\/div>\n\n\n\n<hr class=\"wp-block-separator has-alpha-channel-opacity\"\/>\n\n\n\n<div class=\"wp-block-media-text has-media-on-the-right is-stacked-on-mobile\"><div class=\"wp-block-media-text__content\">\n<p class=\"has-medium-font-size\"><strong>Secretary General<\/strong> &#8211; Teodor Johansson<br><strong>Organisation<\/strong>: Fria Moderata Studentf\u00f6rbundet (SE)<br><strong>University<\/strong>: Link\u00f6ping University<br><strong>Discipline<\/strong>: Political Science<br><strong>Contact<\/strong>: secgen@nksu.org | +46709368671<\/p>\n<\/div><figure class=\"wp-block-media-text__media\"><img loading=\"lazy\" decoding=\"async\" width=\"1024\" height=\"1024\" src=\"https:\/\/nksu.org\/wp-content\/uploads\/2025\/01\/8-1024x1024.png\" alt=\"\" class=\"wp-image-947 size-full\" srcset=\"https:\/\/nksu.org\/wp-content\/uploads\/2025\/01\/8-1024x1024.png 1024w, https:\/\/nksu.org\/wp-content\/uploads\/2025\/01\/8-300x300.png 300w, https:\/\/nksu.org\/wp-content\/uploads\/2025\/01\/8-150x150.png 150w, https:\/\/nksu.org\/wp-content\/uploads\/2025\/01\/8-768x768.png 768w, https:\/\/nksu.org\/wp-content\/uploads\/2025\/01\/8.png 1080w\" sizes=\"auto, (max-width: 1024px) 100vw, 1024px\" \/><\/figure><\/div>\n\n\n\n<hr class=\"wp-block-separator has-alpha-channel-opacity\"\/>\n\n\n\n<div class=\"wp-block-media-text is-stacked-on-mobile\"><figure class=\"wp-block-media-text__media\"><img loading=\"lazy\" decoding=\"async\" width=\"1024\" height=\"1024\" src=\"https:\/\/nksu.org\/wp-content\/uploads\/2025\/01\/10-1024x1024.png\" alt=\"\" class=\"wp-image-948 size-full\" srcset=\"https:\/\/nksu.org\/wp-content\/uploads\/2025\/01\/10-1024x1024.png 1024w, https:\/\/nksu.org\/wp-content\/uploads\/2025\/01\/10-300x300.png 300w, https:\/\/nksu.org\/wp-content\/uploads\/2025\/01\/10-150x150.png 150w, https:\/\/nksu.org\/wp-content\/uploads\/2025\/01\/10-768x768.png 768w, https:\/\/nksu.org\/wp-content\/uploads\/2025\/01\/10.png 1080w\" sizes=\"auto, (max-width: 1024px) 100vw, 1024px\" \/><\/figure><div class=\"wp-block-media-text__content\">\n<p class=\"has-medium-font-size\"><strong>Vice President<\/strong> &#8211; Julia Tornqvist Lohse<br><strong>Organisation<\/strong>: Konservative Studerende (DK)<br><strong>University<\/strong>: University of Copenhagen<br><strong>Discipline<\/strong>: Political Science<\/p>\n<\/div><\/div>\n\n\n\n<hr class=\"wp-block-separator has-alpha-channel-opacity\"\/>\n\n\n\n<div class=\"wp-block-media-text has-media-on-the-right is-stacked-on-mobile\"><div class=\"wp-block-media-text__content\">\n<p class=\"has-medium-font-size\"><strong>Vice President<\/strong> &#8211; Laurynas Vilkas<br><strong>Organisation<\/strong>: Jaun\u0173j\u0173 Konservatori\u0173 Lyga (LT)<br><strong>University<\/strong>: Vilnius University<br><strong>Discipline<\/strong>: Politics and International Relations<\/p>\n<\/div><figure class=\"wp-block-media-text__media\"><img loading=\"lazy\" decoding=\"async\" width=\"1024\" height=\"1024\" src=\"https:\/\/nksu.org\/wp-content\/uploads\/2025\/01\/9-1024x1024.png\" alt=\"\" class=\"wp-image-949 size-full\" srcset=\"https:\/\/nksu.org\/wp-content\/uploads\/2025\/01\/9-1024x1024.png 1024w, https:\/\/nksu.org\/wp-content\/uploads\/2025\/01\/9-300x300.png 300w, https:\/\/nksu.org\/wp-content\/uploads\/2025\/01\/9-150x150.png 150w, https:\/\/nksu.org\/wp-content\/uploads\/2025\/01\/9-768x768.png 768w, https:\/\/nksu.org\/wp-content\/uploads\/2025\/01\/9.png 1080w\" sizes=\"auto, (max-width: 1024px) 100vw, 1024px\" \/><\/figure><\/div>\n\n\n\n<hr class=\"wp-block-separator has-alpha-channel-opacity\"\/>\n\n\n\n<div class=\"wp-block-media-text is-stacked-on-mobile\"><figure class=\"wp-block-media-text__media\"><img loading=\"lazy\" decoding=\"async\" width=\"1024\" height=\"1024\" src=\"https:\/\/nksu.org\/wp-content\/uploads\/2025\/01\/11-1024x1024.png\" alt=\"\" class=\"wp-image-950 size-full\" srcset=\"https:\/\/nksu.org\/wp-content\/uploads\/2025\/01\/11-1024x1024.png 1024w, https:\/\/nksu.org\/wp-content\/uploads\/2025\/01\/11-300x300.png 300w, https:\/\/nksu.org\/wp-content\/uploads\/2025\/01\/11-150x150.png 150w, https:\/\/nksu.org\/wp-content\/uploads\/2025\/01\/11-768x768.png 768w, https:\/\/nksu.org\/wp-content\/uploads\/2025\/01\/11.png 1080w\" sizes=\"auto, (max-width: 1024px) 100vw, 1024px\" \/><\/figure><div class=\"wp-block-media-text__content\">\n<p class=\"has-medium-font-size\"><strong>Vice President<\/strong> &#8211; Tomas Kurenniemi<br><strong>Organisation<\/strong>: Kokoomusopiskeijat (FI)<br><strong>University<\/strong>: Aalto University<br><strong>Discipline<\/strong>: Energy and Environmental Engineering<\/p>\n<\/div><\/div>\n\n\n\n<hr class=\"wp-block-separator has-alpha-channel-opacity\"\/>\n\n\n\n<hr class=\"wp-block-separator has-alpha-channel-opacity\"\/>\n\n\n\n<div class=\"wp-block-media-text\" style=\"grid-template-columns:30% auto\"><figure class=\"wp-block-media-text__media\"><img loading=\"lazy\" decoding=\"async\" width=\"1024\" height=\"1024\" src=\"http:\/\/nksu.org\/wp-content\/uploads\/2024\/02\/cropped-NKSU-Text-3-1024x1024.jpg\" alt=\"\" class=\"wp-image-745 size-full\" srcset=\"https:\/\/nksu.org\/wp-content\/uploads\/2024\/02\/cropped-NKSU-Text-3-1024x1024.jpg 1024w, https:\/\/nksu.org\/wp-content\/uploads\/2024\/02\/cropped-NKSU-Text-3-300x300.jpg 300w, https:\/\/nksu.org\/wp-content\/uploads\/2024\/02\/cropped-NKSU-Text-3-150x150.jpg 150w, https:\/\/nksu.org\/wp-content\/uploads\/2024\/02\/cropped-NKSU-Text-3-768x768.jpg 768w, https:\/\/nksu.org\/wp-content\/uploads\/2024\/02\/cropped-NKSU-Text-3-1536x1536.jpg 1536w, https:\/\/nksu.org\/wp-content\/uploads\/2024\/02\/cropped-NKSU-Text-3.jpg 1563w\" sizes=\"auto, (max-width: 1024px) 100vw, 1024px\" \/><\/figure><div class=\"wp-block-media-text__content\">\n<p class=\"has-text-align-right has-medium-font-size\"><strong>Nordens Konservativa Studentunion<\/strong><br>Blasieholmsgatan 4A,<br>111 48 Stockholm, Sweden<br>secgen@nksu.org<\/p>\n\n\n\n<ul class=\"wp-block-social-links has-large-icon-size is-style-logos-only is-content-justification-right is-layout-flex wp-container-core-social-links-is-layout-1 wp-block-social-links-is-layout-flex\"><li class=\"wp-social-link wp-social-link-facebook  wp-block-social-link\"><a rel=\"noopener nofollow\" target=\"_blank\" href=\"https:\/\/www.facebook.com\/NordicConservatives\" class=\"wp-block-social-link-anchor\"><svg width=\"24\" height=\"24\" viewBox=\"0 0 24 24\" version=\"1.1\" xmlns=\"http:\/\/www.w3.org\/2000\/svg\" aria-hidden=\"true\" focusable=\"false\"><path d=\"M12 2C6.5 2 2 6.5 2 12c0 5 3.7 9.1 8.4 9.9v-7H7.9V12h2.5V9.8c0-2.5 1.5-3.9 3.8-3.9 1.1 0 2.2.2 2.2.2v2.5h-1.3c-1.2 0-1.6.8-1.6 1.6V12h2.8l-.4 2.9h-2.3v7C18.3 21.1 22 17 22 12c0-5.5-4.5-10-10-10z\"><\/path><\/svg><span class=\"wp-block-social-link-label screen-reader-text\">Facebook<\/span><\/a><\/li>\n\n<li class=\"wp-social-link wp-social-link-instagram  wp-block-social-link\"><a rel=\"noopener nofollow\" target=\"_blank\" href=\"https:\/\/www.instagram.com\/nksu1959\" class=\"wp-block-social-link-anchor\"><svg width=\"24\" height=\"24\" viewBox=\"0 0 24 24\" version=\"1.1\" xmlns=\"http:\/\/www.w3.org\/2000\/svg\" aria-hidden=\"true\" focusable=\"false\"><path d=\"M12,4.622c2.403,0,2.688,0.009,3.637,0.052c0.877,0.04,1.354,0.187,1.671,0.31c0.42,0.163,0.72,0.358,1.035,0.673 c0.315,0.315,0.51,0.615,0.673,1.035c0.123,0.317,0.27,0.794,0.31,1.671c0.043,0.949,0.052,1.234,0.052,3.637 s-0.009,2.688-0.052,3.637c-0.04,0.877-0.187,1.354-0.31,1.671c-0.163,0.42-0.358,0.72-0.673,1.035 c-0.315,0.315-0.615,0.51-1.035,0.673c-0.317,0.123-0.794,0.27-1.671,0.31c-0.949,0.043-1.233,0.052-3.637,0.052 s-2.688-0.009-3.637-0.052c-0.877-0.04-1.354-0.187-1.671-0.31c-0.42-0.163-0.72-0.358-1.035-0.673 c-0.315-0.315-0.51-0.615-0.673-1.035c-0.123-0.317-0.27-0.794-0.31-1.671C4.631,14.688,4.622,14.403,4.622,12 s0.009-2.688,0.052-3.637c0.04-0.877,0.187-1.354,0.31-1.671c0.163-0.42,0.358-0.72,0.673-1.035 c0.315-0.315,0.615-0.51,1.035-0.673c0.317-0.123,0.794-0.27,1.671-0.31C9.312,4.631,9.597,4.622,12,4.622 M12,3 C9.556,3,9.249,3.01,8.289,3.054C7.331,3.098,6.677,3.25,6.105,3.472C5.513,3.702,5.011,4.01,4.511,4.511 c-0.5,0.5-0.808,1.002-1.038,1.594C3.25,6.677,3.098,7.331,3.054,8.289C3.01,9.249,3,9.556,3,12c0,2.444,0.01,2.751,0.054,3.711 c0.044,0.958,0.196,1.612,0.418,2.185c0.23,0.592,0.538,1.094,1.038,1.594c0.5,0.5,1.002,0.808,1.594,1.038 c0.572,0.222,1.227,0.375,2.185,0.418C9.249,20.99,9.556,21,12,21s2.751-0.01,3.711-0.054c0.958-0.044,1.612-0.196,2.185-0.418 c0.592-0.23,1.094-0.538,1.594-1.038c0.5-0.5,0.808-1.002,1.038-1.594c0.222-0.572,0.375-1.227,0.418-2.185 C20.99,14.751,21,14.444,21,12s-0.01-2.751-0.054-3.711c-0.044-0.958-0.196-1.612-0.418-2.185c-0.23-0.592-0.538-1.094-1.038-1.594 c-0.5-0.5-1.002-0.808-1.594-1.038c-0.572-0.222-1.227-0.375-2.185-0.418C14.751,3.01,14.444,3,12,3L12,3z M12,7.378 c-2.552,0-4.622,2.069-4.622,4.622S9.448,16.622,12,16.622s4.622-2.069,4.622-4.622S14.552,7.378,12,7.378z M12,15 c-1.657,0-3-1.343-3-3s1.343-3,3-3s3,1.343,3,3S13.657,15,12,15z M16.804,6.116c-0.596,0-1.08,0.484-1.08,1.08 s0.484,1.08,1.08,1.08c0.596,0,1.08-0.484,1.08-1.08S17.401,6.116,16.804,6.116z\"><\/path><\/svg><span class=\"wp-block-social-link-label screen-reader-text\">Instagram<\/span><\/a><\/li>\n\n<li class=\"wp-social-link wp-social-link-x  wp-block-social-link\"><a rel=\"noopener nofollow\" target=\"_blank\" href=\"https:\/\/twitter.com\/NKSU1959\" class=\"wp-block-social-link-anchor\"><svg width=\"24\" height=\"24\" viewBox=\"0 0 24 24\" version=\"1.1\" xmlns=\"http:\/\/www.w3.org\/2000\/svg\" aria-hidden=\"true\" focusable=\"false\"><path d=\"M13.982 10.622 20.54 3h-1.554l-5.693 6.618L8.745 3H3.5l6.876 10.007L3.5 21h1.554l6.012-6.989L15.868 21h5.245l-7.131-10.378Zm-2.128 2.474-.697-.997-5.543-7.93H8l4.474 6.4.697.996 5.815 8.318h-2.387l-4.745-6.787Z\" \/><\/svg><span class=\"wp-block-social-link-label screen-reader-text\">X<\/span><\/a><\/li><\/ul>\n<\/div><\/div>\n","protected":false},"excerpt":{"rendered":"<p>President &#8211; Stine BentzenOrganisation: H\u00f8yres Studenter (NO)University: Cambridge UniversityDiscipline: Land EconomyContact: stine.bentzen@nksu.org Secretary General &#8211; Teodor JohanssonOrganisation: Fria Moderata Studentf\u00f6rbundet (SE)University: Link\u00f6ping UniversityDiscipline: Political ScienceContact: secgen@nksu.org | +46709368671 Vice President &#8211; Julia Tornqvist LohseOrganisation: Konservative Studerende (DK)University: University of CopenhagenDiscipline: Political Science Vice President &#8211; Laurynas VilkasOrganisation: Jaun\u0173j\u0173 Konservatori\u0173 Lyga [&hellip;]<\/p>\n","protected":false},"author":4,"featured_media":0,"parent":0,"menu_order":0,"comment_status":"closed","ping_status":"closed","template":"","meta":{"footnotes":""},"class_list":["post-673","page","type-page","status-publish","hentry"],"_links":{"self":[{"href":"https:\/\/nksu.org\/index.php?rest_route=\/wp\/v2\/pages\/673","targetHints":{"allow":["GET"]}}],"collection":[{"href":"https:\/\/nksu.org\/index.php?rest_route=\/wp\/v2\/pages"}],"about":[{"href":"https:\/\/nksu.org\/index.php?rest_route=\/wp\/v2\/types\/page"}],"author":[{"embeddable":true,"href":"https:\/\/nksu.org\/index.php?rest_route=\/wp\/v2\/users\/4"}],"replies":[{"embeddable":true,"href":"https:\/\/nksu.org\/index.php?rest_route=%2Fwp%2Fv2%2Fcomments&post=673"}],"version-history":[{"count":42,"href":"https:\/\/nksu.org\/index.php?rest_route=\/wp\/v2\/pages\/673\/revisions"}],"predecessor-version":[{"id":951,"href":"https:\/\/nksu.org\/index.php?rest_route=\/wp\/v2\/pages\/673\/revisions\/951"}],"wp:attachment":[{"href":"https:\/\/nksu.org\/index.php?rest_route=%2Fwp%2Fv2%2Fmedia&parent=673"}],"curies":[{"name":"wp","href":"https:\/\/api.w.org\/{rel}","templated":true}]}}